{"id":1031,"date":"2024-04-04T21:38:53","date_gmt":"2024-04-04T21:38:53","guid":{"rendered":"https:\/\/otel2000.com\/index.php\/hotel-search-3\/"},"modified":"2024-04-04T21:38:53","modified_gmt":"2024-04-04T21:38:53","slug":"hotel-search-3","status":"publish","type":"page","link":"https:\/\/otel2000.com\/index.php\/hotel-search-3\/","title":{"rendered":"Hotel Booking Search"},"content":{"rendered":"<div id=\"hotel-booking-search-69d275422c7e2\" class=\"hotel-booking-search\">\n\t\t\t<h3>Check Availability<\/h3>\n\t\n\t<form  name=\"hb-search-form\"\n\t\t\t\t\t\t\t\t\t\t\t\t\t\t\t\t\t\t\t\t\taction=\"https:\/\/otel2000.com\/index.php\/hotel-search-3\/\"\n\t\t\t\t\t\t\t\t\t\t\t\t\t\t\t\t\t\t\t\t\tclass=\"hb-search-form-69d275422c7cf\">\n\t\t<ul class=\"hb-form-table\">\n\t\t\t<li class=\"hb-form-field\">\n\t\t\t\t<label>Arrival Date<\/label>\t\t\t\t<div class=\"hb-form-field-input hb_input_field\">\n\t\t\t\t\t<input type=\"text\" name=\"check_in_date\" id=\"check_in_date_69d275422c7cf\"\n\t\t\t\t\t\t\tclass=\"hb_input_date_check\" value=\"\"\n\t\t\t\t\t\t\tplaceholder=\"Arrival Date\"\n\t\t\t\t\t\t\tautocomplete=\"off\"\/>\n\t\t\t\t<\/div>\n\t\t\t<\/li>\n\n\t\t\t<li class=\"hb-form-field\">\n\t\t\t\t<label>Departure Date<\/label>\t\t\t\t<div class=\"hb-form-field-input hb_input_field\">\n\t\t\t\t\t<input type=\"text\" name=\"check_out_date\" id=\"check_out_date_69d275422c7cf\"\n\t\t\t\t\t\t\tclass=\"hb_input_date_check\" value=\"\"\n\t\t\t\t\t\t\tplaceholder=\"Departure Date\"\n\t\t\t\t\t\t\tautocomplete=\"off\"\/>\n\t\t\t\t<\/div>\n\t\t\t<\/li>\n\n\t\t\t<li class=\"hb-form-field\">\n\t\t\t\t<label>Adults<\/label>\t\t\t\t<div class=\"hb-form-field-input\">\n\t\t\t\t\t<select name=\"adults_capacity\" ><option value=\"\">Adults<\/option><option value=\"1\">1<\/option><option value=\"2\">2<\/option><option value=\"3\">3<\/option><option value=\"4\">4<\/option><option value=\"5\">5<\/option><option value=\"6\">6<\/option><option value=\"7\">7<\/option><option value=\"8\">8<\/option><option value=\"9\">9<\/option><option value=\"10\">10<\/option><\/select>\t\t\t\t<\/div>\n\t\t\t<\/li>\n\n\t\t\t<li class=\"hb-form-field\">\n\t\t\t\t<label>Children<\/label>\t\t\t\t<div class=\"hb-form-field-input\">\n\t\t\t\t\t<select name=\"max_child\" ><option value=\"\">Children<\/option><option value=\"1\">1<\/option><option value=\"2\">2<\/option><option value=\"3\">3<\/option><option value=\"4\">4<\/option><option value=\"5\">5<\/option><\/select>\t\t\t\t<\/div>\n\t\t\t<\/li>\n\t\t<\/ul>\n\t\t<input type=\"hidden\" id=\"nonce\" name=\"nonce\" value=\"f6222a2ee8\" \/><input type=\"hidden\" name=\"_wp_http_referer\" value=\"\/index.php\/wp-json\/wp\/v2\/pages\/1031\" \/>\t\t<input type=\"hidden\" name=\"hotel-booking\" value=\"results\"\/>\n\t\t<input type=\"hidden\" name=\"widget-search\"\n\t\t\t\tvalue=\"\"\/>\n\t\t<input type=\"hidden\" name=\"action\" value=\"hotel_booking_parse_search_params\"\/>\n\t\t<input type=\"hidden\" name=\"paged\" value=\"1\"\/>\n\t\t<p class=\"hb-submit\">\n\t\t\t<button type=\"submit\" class=\"wphb-button\">Check Availability<\/button>\n\t\t<\/p>\n\t<\/form>\n\t\t<div class=\"sort-by-wrapper\">\n\t\t\t\t<div class=\"show-number\">\n\t\t\t\t\t<\/div>\n\n\t\t<div class=\"sort-by\">\n\t\t\t<span class=\"sort-by__label\">Sort By :<\/span>\n\t\t\t<div class=\"select\">\n\t\t\t\t<div class=\"toggle\">\n\t\t\t\t\tDefault (Newest)\t\t\t\t<\/div>\n\t\t\t\t<ul class=\"sort-by__list\">\n\t\t\t\t\t\t\t\t\t\t\t<li class=\"sort-by__list-item active\" data-value=\"date-desc\">\n\t\t\t\t\t\t\tDefault (Newest)\t\t\t\t\t\t<\/li>\n\t\t\t\t\t\t\t\t\t\t\t\t<li class=\"sort-by__list-item\" data-value=\"date-asc\">\n\t\t\t\t\t\t\tOldest\t\t\t\t\t\t<\/li>\n\t\t\t\t\t\t\t\t\t\t\t\t<li class=\"sort-by__list-item\" data-value=\"title-asc\">\n\t\t\t\t\t\t\tA to Z\t\t\t\t\t\t<\/li>\n\t\t\t\t\t\t\t\t\t\t\t\t<li class=\"sort-by__list-item\" data-value=\"title-desc\">\n\t\t\t\t\t\t\tZ to A\t\t\t\t\t\t<\/li>\n\t\t\t\t\t\t\t\t\t\t<\/ul>\n\t\t\t<\/div>\n\t\t<\/div>\n\t\t\t<\/div>\n\t<\/div>\n<div id=\"hotel-booking-search-filter\" class=\"hotel-booking-search-filter\">\n\t<h3>Filter By<\/h3>\n\t<form class=\"search-filter-form\" action=\"\">\n\t\t<div class=\"hb-form-table\">\n\t\t\t<div class=\"clear-filter\">\n\t\t\t\t<button type=\"button\">\n\t\t\t\t\tClear all fields\t\t\t\t<\/button>\n\t\t\t<\/div>\n\t\t\t    <div class=\"hb-price-field\" data-min=\"0\"\n         data-max=\"100\"\n         data-step=\"1\">\n        <div class=\" title\">Price<\/div>\n        <input type=\"hidden\" class=\"hb-min-price\" name=\"min-price\"\n               value=\"\">\n        <input type=\"hidden\" class=\"hb-max-price\" name=\"max-price\"\n               value=\"\">\n        <div class=\"hb-search-price\">\n            <div class=\"hb-price-range\"><\/div>\n            <div>\n                <span class=\"min\">0.00<\/span>\n                -\n                <span class=\"max\">100.00<\/span>\n            <\/div>\n        <\/div>\n\n        <button class=\"apply \">Apply<\/button>\n    <\/div>\n\t<div class=\"hb-rating-field\">\n\t\t<h4> Star rating<\/h4>\n\t\t<ul class=\"rating-list\">\n\t\t\t\t\t\t\t<li class=\"list-item\">\n\t\t\t\t\t<div class=\"rating\">\n\t\t\t\t\t\t<label>\n\t\t\t\t\t\t\t<input type=\"checkbox\" name=\"rating\" value=\"1\">\n\t\t\t\t\t\t\t<span>\n\t\t\t\t\t\t\t\t1 star\t\t\t\t\t\t\t<\/span>\n\t\t\t\t\t\t<\/label>\n\t\t\t\t\t<\/div>\n\t\t\t\t\t<div class=\"rating-number\">\n\t\t\t\t\t\t0\t\t\t\t\t<\/div>\n\t\t\t\t<\/li>\n\t\t\t\t\t\t\t\t<li class=\"list-item\">\n\t\t\t\t\t<div class=\"rating\">\n\t\t\t\t\t\t<label>\n\t\t\t\t\t\t\t<input type=\"checkbox\" name=\"rating\" value=\"2\">\n\t\t\t\t\t\t\t<span>\n\t\t\t\t\t\t\t\t2 stars\t\t\t\t\t\t\t<\/span>\n\t\t\t\t\t\t<\/label>\n\t\t\t\t\t<\/div>\n\t\t\t\t\t<div class=\"rating-number\">\n\t\t\t\t\t\t0\t\t\t\t\t<\/div>\n\t\t\t\t<\/li>\n\t\t\t\t\t\t\t\t<li class=\"list-item\">\n\t\t\t\t\t<div class=\"rating\">\n\t\t\t\t\t\t<label>\n\t\t\t\t\t\t\t<input type=\"checkbox\" name=\"rating\" value=\"3\">\n\t\t\t\t\t\t\t<span>\n\t\t\t\t\t\t\t\t3 stars\t\t\t\t\t\t\t<\/span>\n\t\t\t\t\t\t<\/label>\n\t\t\t\t\t<\/div>\n\t\t\t\t\t<div class=\"rating-number\">\n\t\t\t\t\t\t0\t\t\t\t\t<\/div>\n\t\t\t\t<\/li>\n\t\t\t\t\t\t\t\t<li class=\"list-item\">\n\t\t\t\t\t<div class=\"rating\">\n\t\t\t\t\t\t<label>\n\t\t\t\t\t\t\t<input type=\"checkbox\" name=\"rating\" value=\"4\">\n\t\t\t\t\t\t\t<span>\n\t\t\t\t\t\t\t\t4 stars\t\t\t\t\t\t\t<\/span>\n\t\t\t\t\t\t<\/label>\n\t\t\t\t\t<\/div>\n\t\t\t\t\t<div class=\"rating-number\">\n\t\t\t\t\t\t0\t\t\t\t\t<\/div>\n\t\t\t\t<\/li>\n\t\t\t\t\t\t\t\t<li class=\"list-item\">\n\t\t\t\t\t<div class=\"rating\">\n\t\t\t\t\t\t<label>\n\t\t\t\t\t\t\t<input type=\"checkbox\" name=\"rating\" value=\"5\">\n\t\t\t\t\t\t\t<span>\n\t\t\t\t\t\t\t\t5 stars\t\t\t\t\t\t\t<\/span>\n\t\t\t\t\t\t<\/label>\n\t\t\t\t\t<\/div>\n\t\t\t\t\t<div class=\"rating-number\">\n\t\t\t\t\t\t0\t\t\t\t\t<\/div>\n\t\t\t\t<\/li>\n\t\t\t\t\t\t\t<li class=\"list-item unrated\">\n\t\t\t\t<div class=\"rating\">\n\t\t\t\t\t<label>\n\t\t\t\t\t\t<input type=\"checkbox\" name=\"rating\" value=\"unrated\">\n\t\t\t\t\t\t<span>Unrated<\/span>\n\t\t\t\t\t<\/label>\n\t\t\t\t<\/div>\n\t\t\t\t<div class=\"rating-number\">\n\t\t\t\t\t0\t\t\t\t<\/div>\n\t\t\t<\/li>\n\t\t<\/ul>\n\t<\/div>\n<div class=\"hb-type-field\">\n\t<h4> Room types<\/h4>\n\t<ul class=\"room-type-list\">\n\t\t\t\t\t<li class=\"list-item\">\n\t\t\t\t<div class=\"room-type\">\n\t\t\t\t\t<label>\n\t\t\t\t\t\t<input type=\"checkbox\" name=\"room_type\" value=\"57\">\n\t\t\t\t\t\t<span>Odalar<\/span>\n\t\t\t\t\t<\/label>\n\t\t\t\t<\/div>\n\t\t\t\t<div class=\"room-type-number\">\n\t\t\t\t\t<a href=\"https:\/\/otel2000.com\/index.php\/room-type\/tum-odalar\/\">4<\/a>\n\t\t\t\t<\/div>\n\t\t\t<\/li>\n\t\t\t\t\t\t<li class=\"list-item\">\n\t\t\t\t<div class=\"room-type\">\n\t\t\t\t\t<label>\n\t\t\t\t\t\t<input type=\"checkbox\" name=\"room_type\" value=\"56\">\n\t\t\t\t\t\t<span>Salonlar<\/span>\n\t\t\t\t\t<\/label>\n\t\t\t\t<\/div>\n\t\t\t\t<div class=\"room-type-number\">\n\t\t\t\t\t<a href=\"https:\/\/otel2000.com\/index.php\/room-type\/balo-salonlari\/\">3<\/a>\n\t\t\t\t<\/div>\n\t\t\t<\/li>\n\t\t\t\t\t\t<li class=\"list-item\">\n\t\t\t\t<div class=\"room-type\">\n\t\t\t\t\t<label>\n\t\t\t\t\t\t<input type=\"checkbox\" name=\"room_type\" value=\"16\">\n\t\t\t\t\t\t<span>Standart King<\/span>\n\t\t\t\t\t<\/label>\n\t\t\t\t<\/div>\n\t\t\t\t<div class=\"room-type-number\">\n\t\t\t\t\t<a href=\"https:\/\/otel2000.com\/index.php\/room-type\/standart-king\/\">1<\/a>\n\t\t\t\t<\/div>\n\t\t\t<\/li>\n\t\t\t\t\t\t<li class=\"list-item\">\n\t\t\t\t<div class=\"room-type\">\n\t\t\t\t\t<label>\n\t\t\t\t\t\t<input type=\"checkbox\" name=\"room_type\" value=\"45\">\n\t\t\t\t\t\t<span>Standart Twin<\/span>\n\t\t\t\t\t<\/label>\n\t\t\t\t<\/div>\n\t\t\t\t<div class=\"room-type-number\">\n\t\t\t\t\t<a href=\"https:\/\/otel2000.com\/index.php\/room-type\/twin-room\/\">1<\/a>\n\t\t\t\t<\/div>\n\t\t\t<\/li>\n\t\t\t\t\t\t<li class=\"list-item\">\n\t\t\t\t<div class=\"room-type\">\n\t\t\t\t\t<label>\n\t\t\t\t\t\t<input type=\"checkbox\" name=\"room_type\" value=\"32\">\n\t\t\t\t\t\t<span>S\u00fcit1<\/span>\n\t\t\t\t\t<\/label>\n\t\t\t\t<\/div>\n\t\t\t\t<div class=\"room-type-number\">\n\t\t\t\t\t<a href=\"https:\/\/otel2000.com\/index.php\/room-type\/suit-one\/\">1<\/a>\n\t\t\t\t<\/div>\n\t\t\t<\/li>\n\t\t\t\t\t\t<li class=\"list-item\">\n\t\t\t\t<div class=\"room-type\">\n\t\t\t\t\t<label>\n\t\t\t\t\t\t<input type=\"checkbox\" name=\"room_type\" value=\"33\">\n\t\t\t\t\t\t<span>S\u00fcit2<\/span>\n\t\t\t\t\t<\/label>\n\t\t\t\t<\/div>\n\t\t\t\t<div class=\"room-type-number\">\n\t\t\t\t\t<a href=\"https:\/\/otel2000.com\/index.php\/room-type\/suit-two\/\">1<\/a>\n\t\t\t\t<\/div>\n\t\t\t<\/li>\n\t\t\t\t<\/ul>\n<\/div>\n\t\t<\/div>\n\t<\/form>\n<\/div>\n","protected":false},"excerpt":{"rendered":"","protected":false},"author":1,"featured_media":0,"parent":0,"menu_order":0,"comment_status":"closed","ping_status":"closed","template":"","meta":{"_joinchat":[],"footnotes":""},"class_list":["post-1031","page","type-page","status-publish","hentry"],"yoast_head":"<!-- This site is optimized with the Yoast SEO plugin v25.9 - https:\/\/yoast.com\/wordpress\/plugins\/seo\/ -->\n<title>Hotel Booking Search - Otel 2000 Kavakl\u0131dere, Ankara - Merkezi Konum &amp; Konfor - Resmi web sitesi<\/title>\n<meta name=\"robots\" content=\"index, follow, max-snippet:-1, max-image-preview:large, max-video-preview:-1\" \/>\n<link rel=\"canonical\" href=\"https:\/\/otel2000.com\/index.php\/hotel-search-3\/\" \/>\n<meta property=\"og:locale\" content=\"tr_TR\" \/>\n<meta property=\"og:type\" content=\"article\" \/>\n<meta property=\"og:title\" content=\"Hotel Booking Search - Otel 2000 Kavakl\u0131dere, Ankara - Merkezi Konum &amp; Konfor - Resmi web sitesi\" \/>\n<meta property=\"og:url\" content=\"https:\/\/otel2000.com\/index.php\/hotel-search-3\/\" \/>\n<meta property=\"og:site_name\" content=\"Otel 2000 Kavakl\u0131dere, Ankara - Merkezi Konum &amp; Konfor - Resmi web sitesi\" \/>\n<meta name=\"twitter:card\" content=\"summary_large_image\" \/>\n<script type=\"application\/ld+json\" class=\"yoast-schema-graph\">{\"@context\":\"https:\/\/schema.org\",\"@graph\":[{\"@type\":\"WebPage\",\"@id\":\"https:\/\/otel2000.com\/index.php\/hotel-search-3\/\",\"url\":\"https:\/\/otel2000.com\/index.php\/hotel-search-3\/\",\"name\":\"Hotel Booking Search - Otel 2000 Kavakl\u0131dere, Ankara - Merkezi Konum &amp; Konfor - Resmi web sitesi\",\"isPartOf\":{\"@id\":\"https:\/\/otel2000.com\/#website\"},\"datePublished\":\"2024-04-04T21:38:53+00:00\",\"breadcrumb\":{\"@id\":\"https:\/\/otel2000.com\/index.php\/hotel-search-3\/#breadcrumb\"},\"inLanguage\":\"tr\",\"potentialAction\":[{\"@type\":\"ReadAction\",\"target\":[\"https:\/\/otel2000.com\/index.php\/hotel-search-3\/\"]}]},{\"@type\":\"BreadcrumbList\",\"@id\":\"https:\/\/otel2000.com\/index.php\/hotel-search-3\/#breadcrumb\",\"itemListElement\":[{\"@type\":\"ListItem\",\"position\":1,\"name\":\"Anasayfa\",\"item\":\"https:\/\/otel2000.com\/\"},{\"@type\":\"ListItem\",\"position\":2,\"name\":\"Hotel Booking Search\"}]},{\"@type\":\"WebSite\",\"@id\":\"https:\/\/otel2000.com\/#website\",\"url\":\"https:\/\/otel2000.com\/\",\"name\":\"Otel 2000 Kavakl\u0131dere Ankara - Merkezi Konum & Konfor\",\"description\":\"Biz G\u00fcler Y\u00fcz Yarat\u0131r\u0131z\",\"publisher\":{\"@id\":\"https:\/\/otel2000.com\/#organization\"},\"potentialAction\":[{\"@type\":\"SearchAction\",\"target\":{\"@type\":\"EntryPoint\",\"urlTemplate\":\"https:\/\/otel2000.com\/?s={search_term_string}\"},\"query-input\":{\"@type\":\"PropertyValueSpecification\",\"valueRequired\":true,\"valueName\":\"search_term_string\"}}],\"inLanguage\":\"tr\"},{\"@type\":\"Organization\",\"@id\":\"https:\/\/otel2000.com\/#organization\",\"name\":\"Otel 2000 Kavakl\u0131dere Ankara - Merkezi Konum & Konfor\",\"url\":\"https:\/\/otel2000.com\/\",\"logo\":{\"@type\":\"ImageObject\",\"inLanguage\":\"tr\",\"@id\":\"https:\/\/otel2000.com\/#\/schema\/logo\/image\/\",\"url\":\"https:\/\/otel2000.com\/wp-content\/uploads\/2021\/03\/cropped-cropped-cropped-1-2.png\",\"contentUrl\":\"https:\/\/otel2000.com\/wp-content\/uploads\/2021\/03\/cropped-cropped-cropped-1-2.png\",\"width\":250,\"height\":250,\"caption\":\"Otel 2000 Kavakl\u0131dere Ankara - Merkezi Konum & Konfor\"},\"image\":{\"@id\":\"https:\/\/otel2000.com\/#\/schema\/logo\/image\/\"}}]}<\/script>\n<!-- \/ Yoast SEO plugin. -->","yoast_head_json":{"title":"Hotel Booking Search - Otel 2000 Kavakl\u0131dere, Ankara - Merkezi Konum &amp; Konfor - Resmi web sitesi","robots":{"index":"index","follow":"follow","max-snippet":"max-snippet:-1","max-image-preview":"max-image-preview:large","max-video-preview":"max-video-preview:-1"},"canonical":"https:\/\/otel2000.com\/index.php\/hotel-search-3\/","og_locale":"tr_TR","og_type":"article","og_title":"Hotel Booking Search - Otel 2000 Kavakl\u0131dere, Ankara - Merkezi Konum &amp; Konfor - Resmi web sitesi","og_url":"https:\/\/otel2000.com\/index.php\/hotel-search-3\/","og_site_name":"Otel 2000 Kavakl\u0131dere, Ankara - Merkezi Konum &amp; Konfor - Resmi web sitesi","twitter_card":"summary_large_image","schema":{"@context":"https:\/\/schema.org","@graph":[{"@type":"WebPage","@id":"https:\/\/otel2000.com\/index.php\/hotel-search-3\/","url":"https:\/\/otel2000.com\/index.php\/hotel-search-3\/","name":"Hotel Booking Search - Otel 2000 Kavakl\u0131dere, Ankara - Merkezi Konum &amp; Konfor - Resmi web sitesi","isPartOf":{"@id":"https:\/\/otel2000.com\/#website"},"datePublished":"2024-04-04T21:38:53+00:00","breadcrumb":{"@id":"https:\/\/otel2000.com\/index.php\/hotel-search-3\/#breadcrumb"},"inLanguage":"tr","potentialAction":[{"@type":"ReadAction","target":["https:\/\/otel2000.com\/index.php\/hotel-search-3\/"]}]},{"@type":"BreadcrumbList","@id":"https:\/\/otel2000.com\/index.php\/hotel-search-3\/#breadcrumb","itemListElement":[{"@type":"ListItem","position":1,"name":"Anasayfa","item":"https:\/\/otel2000.com\/"},{"@type":"ListItem","position":2,"name":"Hotel Booking Search"}]},{"@type":"WebSite","@id":"https:\/\/otel2000.com\/#website","url":"https:\/\/otel2000.com\/","name":"Otel 2000 Kavakl\u0131dere Ankara - Merkezi Konum & Konfor","description":"Biz G\u00fcler Y\u00fcz Yarat\u0131r\u0131z","publisher":{"@id":"https:\/\/otel2000.com\/#organization"},"potentialAction":[{"@type":"SearchAction","target":{"@type":"EntryPoint","urlTemplate":"https:\/\/otel2000.com\/?s={search_term_string}"},"query-input":{"@type":"PropertyValueSpecification","valueRequired":true,"valueName":"search_term_string"}}],"inLanguage":"tr"},{"@type":"Organization","@id":"https:\/\/otel2000.com\/#organization","name":"Otel 2000 Kavakl\u0131dere Ankara - Merkezi Konum & Konfor","url":"https:\/\/otel2000.com\/","logo":{"@type":"ImageObject","inLanguage":"tr","@id":"https:\/\/otel2000.com\/#\/schema\/logo\/image\/","url":"https:\/\/otel2000.com\/wp-content\/uploads\/2021\/03\/cropped-cropped-cropped-1-2.png","contentUrl":"https:\/\/otel2000.com\/wp-content\/uploads\/2021\/03\/cropped-cropped-cropped-1-2.png","width":250,"height":250,"caption":"Otel 2000 Kavakl\u0131dere Ankara - Merkezi Konum & Konfor"},"image":{"@id":"https:\/\/otel2000.com\/#\/schema\/logo\/image\/"}}]}},"_links":{"self":[{"href":"https:\/\/otel2000.com\/index.php\/wp-json\/wp\/v2\/pages\/1031","targetHints":{"allow":["GET"]}}],"collection":[{"href":"https:\/\/otel2000.com\/index.php\/wp-json\/wp\/v2\/pages"}],"about":[{"href":"https:\/\/otel2000.com\/index.php\/wp-json\/wp\/v2\/types\/page"}],"author":[{"embeddable":true,"href":"https:\/\/otel2000.com\/index.php\/wp-json\/wp\/v2\/users\/1"}],"replies":[{"embeddable":true,"href":"https:\/\/otel2000.com\/index.php\/wp-json\/wp\/v2\/comments?post=1031"}],"version-history":[{"count":0,"href":"https:\/\/otel2000.com\/index.php\/wp-json\/wp\/v2\/pages\/1031\/revisions"}],"wp:attachment":[{"href":"https:\/\/otel2000.com\/index.php\/wp-json\/wp\/v2\/media?parent=1031"}],"curies":[{"name":"wp","href":"https:\/\/api.w.org\/{rel}","templated":true}]}}