{"id":1722,"date":"2025-09-19T09:04:21","date_gmt":"2025-09-19T09:04:21","guid":{"rendered":"https:\/\/otel2000.com\/?page_id=1722"},"modified":"2025-09-19T10:19:16","modified_gmt":"2025-09-19T10:19:16","slug":"booking","status":"publish","type":"page","link":"https:\/\/otel2000.com\/index.php\/booking\/","title":{"rendered":"Rezervasyon"},"content":{"rendered":"\t\t<div data-elementor-type=\"wp-page\" data-elementor-id=\"1722\" class=\"elementor elementor-1722\">\n\t\t\t\t<div class=\"elementor-element elementor-element-33bd537 e-con-full e-flex e-con e-parent\" data-id=\"33bd537\" data-element_type=\"container\" data-core-v316-plus=\"true\">\n\t\t\t\t<div class=\"elementor-element elementor-element-164b755 elementor-widget elementor-widget-html\" data-id=\"164b755\" data-element_type=\"widget\" data-widget_type=\"html.default\">\n\t\t\t\t<div class=\"elementor-widget-container\">\n\t\t\t<!-- start Booking form script -->\r\n<div id=\"be-booking-form\"><\/div>\r\n<!-- end Booking form script -->\t\t<\/div>\n\t\t\t\t<\/div>\n\t\t\t\t<\/div>\n\t\t\t\t<\/div>\n\t\t","protected":false},"excerpt":{"rendered":"","protected":false},"author":1,"featured_media":0,"parent":0,"menu_order":0,"comment_status":"closed","ping_status":"closed","template":"","meta":{"_joinchat":[],"footnotes":""},"class_list":["post-1722","page","type-page","status-publish","hentry"],"yoast_head":"<!-- This site is optimized with the Yoast SEO plugin v25.9 - https:\/\/yoast.com\/wordpress\/plugins\/seo\/ -->\n<title>Online rezervasyon - Otel 2000 Kavakl\u0131dere, Ankara - Merkezi Konum &amp; Konfor - Resmi web sitesi<\/title>\n<meta name=\"robots\" content=\"index, follow, max-snippet:-1, max-image-preview:large, max-video-preview:-1\" \/>\n<link rel=\"canonical\" href=\"https:\/\/otel2000.com\/index.php\/booking\/\" \/>\n<meta property=\"og:locale\" content=\"tr_TR\" \/>\n<meta property=\"og:type\" content=\"article\" \/>\n<meta property=\"og:title\" content=\"Online rezervasyon - Otel 2000 Kavakl\u0131dere, Ankara - Merkezi Konum &amp; Konfor - Resmi web sitesi\" \/>\n<meta property=\"og:url\" content=\"https:\/\/otel2000.com\/index.php\/booking\/\" \/>\n<meta property=\"og:site_name\" content=\"Otel 2000 Kavakl\u0131dere, Ankara - Merkezi Konum &amp; Konfor - Resmi web sitesi\" \/>\n<meta property=\"article:modified_time\" content=\"2025-09-19T10:19:16+00:00\" \/>\n<meta name=\"twitter:card\" content=\"summary_large_image\" \/>\n<script type=\"application\/ld+json\" class=\"yoast-schema-graph\">{\"@context\":\"https:\/\/schema.org\",\"@graph\":[{\"@type\":\"WebPage\",\"@id\":\"https:\/\/otel2000.com\/index.php\/booking\/\",\"url\":\"https:\/\/otel2000.com\/index.php\/booking\/\",\"name\":\"Online rezervasyon - Otel 2000 Kavakl\u0131dere, Ankara - Merkezi Konum &amp; Konfor - Resmi web sitesi\",\"isPartOf\":{\"@id\":\"https:\/\/otel2000.com\/#website\"},\"datePublished\":\"2025-09-19T09:04:21+00:00\",\"dateModified\":\"2025-09-19T10:19:16+00:00\",\"breadcrumb\":{\"@id\":\"https:\/\/otel2000.com\/index.php\/booking\/#breadcrumb\"},\"inLanguage\":\"tr\",\"potentialAction\":[{\"@type\":\"ReadAction\",\"target\":[\"https:\/\/otel2000.com\/index.php\/booking\/\"]}]},{\"@type\":\"BreadcrumbList\",\"@id\":\"https:\/\/otel2000.com\/index.php\/booking\/#breadcrumb\",\"itemListElement\":[{\"@type\":\"ListItem\",\"position\":1,\"name\":\"Anasayfa\",\"item\":\"https:\/\/otel2000.com\/\"},{\"@type\":\"ListItem\",\"position\":2,\"name\":\"Rezervasyon\"}]},{\"@type\":\"WebSite\",\"@id\":\"https:\/\/otel2000.com\/#website\",\"url\":\"https:\/\/otel2000.com\/\",\"name\":\"Otel 2000 Kavakl\u0131dere Ankara - Merkezi Konum & Konfor\",\"description\":\"Biz G\u00fcler Y\u00fcz Yarat\u0131r\u0131z\",\"publisher\":{\"@id\":\"https:\/\/otel2000.com\/#organization\"},\"potentialAction\":[{\"@type\":\"SearchAction\",\"target\":{\"@type\":\"EntryPoint\",\"urlTemplate\":\"https:\/\/otel2000.com\/?s={search_term_string}\"},\"query-input\":{\"@type\":\"PropertyValueSpecification\",\"valueRequired\":true,\"valueName\":\"search_term_string\"}}],\"inLanguage\":\"tr\"},{\"@type\":\"Organization\",\"@id\":\"https:\/\/otel2000.com\/#organization\",\"name\":\"Otel 2000 Kavakl\u0131dere Ankara - Merkezi Konum & Konfor\",\"url\":\"https:\/\/otel2000.com\/\",\"logo\":{\"@type\":\"ImageObject\",\"inLanguage\":\"tr\",\"@id\":\"https:\/\/otel2000.com\/#\/schema\/logo\/image\/\",\"url\":\"https:\/\/otel2000.com\/wp-content\/uploads\/2021\/03\/cropped-cropped-cropped-1-2.png\",\"contentUrl\":\"https:\/\/otel2000.com\/wp-content\/uploads\/2021\/03\/cropped-cropped-cropped-1-2.png\",\"width\":250,\"height\":250,\"caption\":\"Otel 2000 Kavakl\u0131dere Ankara - Merkezi Konum & Konfor\"},\"image\":{\"@id\":\"https:\/\/otel2000.com\/#\/schema\/logo\/image\/\"}}]}<\/script>\n<!-- \/ Yoast SEO plugin. -->","yoast_head_json":{"title":"Online rezervasyon - Otel 2000 Kavakl\u0131dere, Ankara - Merkezi Konum &amp; Konfor - Resmi web sitesi","robots":{"index":"index","follow":"follow","max-snippet":"max-snippet:-1","max-image-preview":"max-image-preview:large","max-video-preview":"max-video-preview:-1"},"canonical":"https:\/\/otel2000.com\/index.php\/booking\/","og_locale":"tr_TR","og_type":"article","og_title":"Online rezervasyon - Otel 2000 Kavakl\u0131dere, Ankara - Merkezi Konum &amp; Konfor - Resmi web sitesi","og_url":"https:\/\/otel2000.com\/index.php\/booking\/","og_site_name":"Otel 2000 Kavakl\u0131dere, Ankara - Merkezi Konum &amp; Konfor - Resmi web sitesi","article_modified_time":"2025-09-19T10:19:16+00:00","twitter_card":"summary_large_image","schema":{"@context":"https:\/\/schema.org","@graph":[{"@type":"WebPage","@id":"https:\/\/otel2000.com\/index.php\/booking\/","url":"https:\/\/otel2000.com\/index.php\/booking\/","name":"Online rezervasyon - Otel 2000 Kavakl\u0131dere, Ankara - Merkezi Konum &amp; Konfor - Resmi web sitesi","isPartOf":{"@id":"https:\/\/otel2000.com\/#website"},"datePublished":"2025-09-19T09:04:21+00:00","dateModified":"2025-09-19T10:19:16+00:00","breadcrumb":{"@id":"https:\/\/otel2000.com\/index.php\/booking\/#breadcrumb"},"inLanguage":"tr","potentialAction":[{"@type":"ReadAction","target":["https:\/\/otel2000.com\/index.php\/booking\/"]}]},{"@type":"BreadcrumbList","@id":"https:\/\/otel2000.com\/index.php\/booking\/#breadcrumb","itemListElement":[{"@type":"ListItem","position":1,"name":"Anasayfa","item":"https:\/\/otel2000.com\/"},{"@type":"ListItem","position":2,"name":"Rezervasyon"}]},{"@type":"WebSite","@id":"https:\/\/otel2000.com\/#website","url":"https:\/\/otel2000.com\/","name":"Otel 2000 Kavakl\u0131dere Ankara - Merkezi Konum & Konfor","description":"Biz G\u00fcler Y\u00fcz Yarat\u0131r\u0131z","publisher":{"@id":"https:\/\/otel2000.com\/#organization"},"potentialAction":[{"@type":"SearchAction","target":{"@type":"EntryPoint","urlTemplate":"https:\/\/otel2000.com\/?s={search_term_string}"},"query-input":{"@type":"PropertyValueSpecification","valueRequired":true,"valueName":"search_term_string"}}],"inLanguage":"tr"},{"@type":"Organization","@id":"https:\/\/otel2000.com\/#organization","name":"Otel 2000 Kavakl\u0131dere Ankara - Merkezi Konum & Konfor","url":"https:\/\/otel2000.com\/","logo":{"@type":"ImageObject","inLanguage":"tr","@id":"https:\/\/otel2000.com\/#\/schema\/logo\/image\/","url":"https:\/\/otel2000.com\/wp-content\/uploads\/2021\/03\/cropped-cropped-cropped-1-2.png","contentUrl":"https:\/\/otel2000.com\/wp-content\/uploads\/2021\/03\/cropped-cropped-cropped-1-2.png","width":250,"height":250,"caption":"Otel 2000 Kavakl\u0131dere Ankara - Merkezi Konum & Konfor"},"image":{"@id":"https:\/\/otel2000.com\/#\/schema\/logo\/image\/"}}]}},"_links":{"self":[{"href":"https:\/\/otel2000.com\/index.php\/wp-json\/wp\/v2\/pages\/1722","targetHints":{"allow":["GET"]}}],"collection":[{"href":"https:\/\/otel2000.com\/index.php\/wp-json\/wp\/v2\/pages"}],"about":[{"href":"https:\/\/otel2000.com\/index.php\/wp-json\/wp\/v2\/types\/page"}],"author":[{"embeddable":true,"href":"https:\/\/otel2000.com\/index.php\/wp-json\/wp\/v2\/users\/1"}],"replies":[{"embeddable":true,"href":"https:\/\/otel2000.com\/index.php\/wp-json\/wp\/v2\/comments?post=1722"}],"version-history":[{"count":10,"href":"https:\/\/otel2000.com\/index.php\/wp-json\/wp\/v2\/pages\/1722\/revisions"}],"predecessor-version":[{"id":1732,"href":"https:\/\/otel2000.com\/index.php\/wp-json\/wp\/v2\/pages\/1722\/revisions\/1732"}],"wp:attachment":[{"href":"https:\/\/otel2000.com\/index.php\/wp-json\/wp\/v2\/media?parent=1722"}],"curies":[{"name":"wp","href":"https:\/\/api.w.org\/{rel}","templated":true}]}}