{"id":1923,"date":"2025-12-27T14:01:45","date_gmt":"2025-12-27T14:01:45","guid":{"rendered":"https:\/\/otel2000.com\/?page_id=1923"},"modified":"2025-12-27T14:01:47","modified_gmt":"2025-12-27T14:01:47","slug":"suit-1","status":"publish","type":"page","link":"https:\/\/otel2000.com\/suit-1\/","title":{"rendered":"Suit-1"},"content":{"rendered":"\n<hr class=\"wp-block-separator has-alpha-channel-opacity\"\/>\n\n\n<h2 class=\"wp-block-post-title\">Suit-1<\/h2>\n\n\n<p><strong>Ankara\u2019n\u0131n muhte\u015fem manzaras\u0131na sahip, Atakule ve An\u0131tkabir gibi ikonik yap\u0131lar\u0131 kucaklayan bu \u00f6zel oda, konuklar\u0131na unutulmaz bir deneyim sunuyor. Hijyen standartlar\u0131na tam uyumlu olan odam\u0131z, temizlik konusunda en y\u00fcksek standartlar\u0131 sa\u011flamak i\u00e7in \u00f6zenle tasarlanm\u0131\u015ft\u0131r<\/strong>.<\/p>\n\n\n\n<p><strong>Konforunuz i\u00e7in d\u00fc\u015f\u00fcn\u00fclm\u00fc\u015f her detay\u0131 bar\u0131nd\u0131ran odam\u0131zda, bir adet \u00e7ift ki\u015filik yatak bulunmaktad\u0131r. Ayr\u0131ca merkezi \u0131s\u0131tma ve so\u011futma sistemi, kablo TV, mini buzdolab\u0131, direkt telefon, kablosuz internet eri\u015fimi, kasa ve \u00e7ay\/kahve makinesi gibi olanaklar da sunulmaktad\u0131r.<\/strong><\/p>\n\n\n\n<p><strong>Banyo alan\u0131nda ise du\u015f, sa\u00e7 kurutma makinesi, hijyen kiti ve telefon ile donat\u0131lm\u0131\u015ft\u0131r. Oda hal\u0131 zeminlidir ve ayr\u0131ca terasa sahiptir, b\u00f6ylece Ankara\u2019n\u0131n nefes kesen manzaras\u0131n\u0131 doya doya izleme imkan\u0131 sunar.<\/strong><\/p>\n\n\n\n<p><strong>Ankara\u2019n\u0131n e\u015fsiz g\u00fczelliklerini ke\u015ffederken, konforlu ve l\u00fcks bir konaklama deneyimi ya\u015famak isteyenler i\u00e7in bu oda m\u00fckemmel bir se\u00e7enektir.<\/strong><\/p>\n\n\n\n<p><strong>Suit, 23 metrekarelik bir alana sahiptir ve yan\u0131ndaki s\u00fcitle, ara kap\u0131 arac\u0131l\u0131\u011f\u0131yla birle\u015ftirilebilir.<\/strong><\/p>\n\n\n\n<figure class=\"wp-block-image size-large\"><img fetchpriority=\"high\" decoding=\"async\" width=\"1024\" height=\"683\" src=\"https:\/\/otel2000.com\/wp-content\/uploads\/2025\/12\/Suit-1-Yuvarlak-Yatak-2-1024x683.jpg\" alt=\"\" class=\"wp-image-1924\" srcset=\"https:\/\/otel2000.com\/wp-content\/uploads\/2025\/12\/Suit-1-Yuvarlak-Yatak-2-1024x683.jpg 1024w, https:\/\/otel2000.com\/wp-content\/uploads\/2025\/12\/Suit-1-Yuvarlak-Yatak-2-300x200.jpg 300w, https:\/\/otel2000.com\/wp-content\/uploads\/2025\/12\/Suit-1-Yuvarlak-Yatak-2-768x512.jpg 768w, https:\/\/otel2000.com\/wp-content\/uploads\/2025\/12\/Suit-1-Yuvarlak-Yatak-2-1536x1024.jpg 1536w, https:\/\/otel2000.com\/wp-content\/uploads\/2025\/12\/Suit-1-Yuvarlak-Yatak-2-2048x1365.jpg 2048w\" sizes=\"(max-width: 1024px) 100vw, 1024px\" \/><\/figure>\n\n\n\n<figure class=\"wp-block-gallery has-nested-images columns-default is-cropped wp-block-gallery-1 is-layout-flex wp-block-gallery-is-layout-flex\">\n<figure class=\"wp-block-image size-large\"><img decoding=\"async\" width=\"1024\" height=\"683\" data-id=\"1925\" src=\"https:\/\/otel2000.com\/wp-content\/uploads\/2025\/12\/Suit-2-Yuvarlak-Yatak-2-1024x683.jpg\" alt=\"\" class=\"wp-image-1925\" srcset=\"https:\/\/otel2000.com\/wp-content\/uploads\/2025\/12\/Suit-2-Yuvarlak-Yatak-2-1024x683.jpg 1024w, https:\/\/otel2000.com\/wp-content\/uploads\/2025\/12\/Suit-2-Yuvarlak-Yatak-2-300x200.jpg 300w, https:\/\/otel2000.com\/wp-content\/uploads\/2025\/12\/Suit-2-Yuvarlak-Yatak-2-768x512.jpg 768w, https:\/\/otel2000.com\/wp-content\/uploads\/2025\/12\/Suit-2-Yuvarlak-Yatak-2-1536x1024.jpg 1536w, https:\/\/otel2000.com\/wp-content\/uploads\/2025\/12\/Suit-2-Yuvarlak-Yatak-2-2048x1365.jpg 2048w\" sizes=\"(max-width: 1024px) 100vw, 1024px\" \/><\/figure>\n\n\n\n<figure class=\"wp-block-image size-large\"><img decoding=\"async\" width=\"1024\" height=\"683\" data-id=\"1926\" src=\"https:\/\/otel2000.com\/wp-content\/uploads\/2025\/12\/Suit-3-Yuvarlak-Yatak-2-1024x683.jpg\" alt=\"\" class=\"wp-image-1926\" srcset=\"https:\/\/otel2000.com\/wp-content\/uploads\/2025\/12\/Suit-3-Yuvarlak-Yatak-2-1024x683.jpg 1024w, https:\/\/otel2000.com\/wp-content\/uploads\/2025\/12\/Suit-3-Yuvarlak-Yatak-2-300x200.jpg 300w, https:\/\/otel2000.com\/wp-content\/uploads\/2025\/12\/Suit-3-Yuvarlak-Yatak-2-768x512.jpg 768w, https:\/\/otel2000.com\/wp-content\/uploads\/2025\/12\/Suit-3-Yuvarlak-Yatak-2-1536x1024.jpg 1536w, https:\/\/otel2000.com\/wp-content\/uploads\/2025\/12\/Suit-3-Yuvarlak-Yatak-2-2048x1365.jpg 2048w\" sizes=\"(max-width: 1024px) 100vw, 1024px\" \/><\/figure>\n\n\n\n<figure class=\"wp-block-image size-large\"><img loading=\"lazy\" decoding=\"async\" width=\"1024\" height=\"683\" data-id=\"1927\" src=\"https:\/\/otel2000.com\/wp-content\/uploads\/2025\/12\/Suit-4-Yuvarlak-Yatak-2-1024x683.jpg\" alt=\"\" class=\"wp-image-1927\" srcset=\"https:\/\/otel2000.com\/wp-content\/uploads\/2025\/12\/Suit-4-Yuvarlak-Yatak-2-1024x683.jpg 1024w, https:\/\/otel2000.com\/wp-content\/uploads\/2025\/12\/Suit-4-Yuvarlak-Yatak-2-300x200.jpg 300w, https:\/\/otel2000.com\/wp-content\/uploads\/2025\/12\/Suit-4-Yuvarlak-Yatak-2-768x512.jpg 768w, https:\/\/otel2000.com\/wp-content\/uploads\/2025\/12\/Suit-4-Yuvarlak-Yatak-2-1536x1024.jpg 1536w, https:\/\/otel2000.com\/wp-content\/uploads\/2025\/12\/Suit-4-Yuvarlak-Yatak-2-2048x1365.jpg 2048w\" sizes=\"(max-width: 1024px) 100vw, 1024px\" \/><\/figure>\n\n\n\n<figure class=\"wp-block-image size-large\"><img loading=\"lazy\" decoding=\"async\" width=\"1024\" height=\"683\" data-id=\"1928\" src=\"https:\/\/otel2000.com\/wp-content\/uploads\/2025\/12\/Suit-5-Yuvarlak-Yatak-2-1024x683.jpg\" alt=\"\" class=\"wp-image-1928\" srcset=\"https:\/\/otel2000.com\/wp-content\/uploads\/2025\/12\/Suit-5-Yuvarlak-Yatak-2-1024x683.jpg 1024w, https:\/\/otel2000.com\/wp-content\/uploads\/2025\/12\/Suit-5-Yuvarlak-Yatak-2-300x200.jpg 300w, https:\/\/otel2000.com\/wp-content\/uploads\/2025\/12\/Suit-5-Yuvarlak-Yatak-2-768x512.jpg 768w, https:\/\/otel2000.com\/wp-content\/uploads\/2025\/12\/Suit-5-Yuvarlak-Yatak-2-1536x1024.jpg 1536w, https:\/\/otel2000.com\/wp-content\/uploads\/2025\/12\/Suit-5-Yuvarlak-Yatak-2-2048x1365.jpg 2048w\" sizes=\"(max-width: 1024px) 100vw, 1024px\" \/><\/figure>\n\n\n\n<figure class=\"wp-block-image size-large\"><img loading=\"lazy\" decoding=\"async\" width=\"1024\" height=\"683\" data-id=\"1929\" src=\"https:\/\/otel2000.com\/wp-content\/uploads\/2025\/12\/Suit-banyo-1-2-1024x683.jpg\" alt=\"\" class=\"wp-image-1929\" srcset=\"https:\/\/otel2000.com\/wp-content\/uploads\/2025\/12\/Suit-banyo-1-2-1024x683.jpg 1024w, https:\/\/otel2000.com\/wp-content\/uploads\/2025\/12\/Suit-banyo-1-2-300x200.jpg 300w, https:\/\/otel2000.com\/wp-content\/uploads\/2025\/12\/Suit-banyo-1-2-768x512.jpg 768w, https:\/\/otel2000.com\/wp-content\/uploads\/2025\/12\/Suit-banyo-1-2-1536x1024.jpg 1536w, https:\/\/otel2000.com\/wp-content\/uploads\/2025\/12\/Suit-banyo-1-2-2048x1365.jpg 2048w\" sizes=\"(max-width: 1024px) 100vw, 1024px\" \/><\/figure>\n\n\n\n<figure class=\"wp-block-image size-large\"><img loading=\"lazy\" decoding=\"async\" width=\"1024\" height=\"683\" data-id=\"1930\" src=\"https:\/\/otel2000.com\/wp-content\/uploads\/2025\/12\/Suit-Banyo-2-2-1024x683.jpg\" alt=\"\" class=\"wp-image-1930\" srcset=\"https:\/\/otel2000.com\/wp-content\/uploads\/2025\/12\/Suit-Banyo-2-2-1024x683.jpg 1024w, https:\/\/otel2000.com\/wp-content\/uploads\/2025\/12\/Suit-Banyo-2-2-300x200.jpg 300w, https:\/\/otel2000.com\/wp-content\/uploads\/2025\/12\/Suit-Banyo-2-2-768x512.jpg 768w, https:\/\/otel2000.com\/wp-content\/uploads\/2025\/12\/Suit-Banyo-2-2-1536x1024.jpg 1536w, https:\/\/otel2000.com\/wp-content\/uploads\/2025\/12\/Suit-Banyo-2-2-2048x1365.jpg 2048w\" sizes=\"(max-width: 1024px) 100vw, 1024px\" \/><\/figure>\n\n\n\n<figure class=\"wp-block-image size-large\"><img loading=\"lazy\" decoding=\"async\" width=\"1024\" height=\"683\" data-id=\"1931\" src=\"https:\/\/otel2000.com\/wp-content\/uploads\/2025\/12\/Suit-cam-perde-acik-1-2-1024x683.jpg\" alt=\"\" class=\"wp-image-1931\" srcset=\"https:\/\/otel2000.com\/wp-content\/uploads\/2025\/12\/Suit-cam-perde-acik-1-2-1024x683.jpg 1024w, https:\/\/otel2000.com\/wp-content\/uploads\/2025\/12\/Suit-cam-perde-acik-1-2-300x200.jpg 300w, https:\/\/otel2000.com\/wp-content\/uploads\/2025\/12\/Suit-cam-perde-acik-1-2-768x512.jpg 768w, https:\/\/otel2000.com\/wp-content\/uploads\/2025\/12\/Suit-cam-perde-acik-1-2-1536x1024.jpg 1536w, https:\/\/otel2000.com\/wp-content\/uploads\/2025\/12\/Suit-cam-perde-acik-1-2-2048x1365.jpg 2048w\" sizes=\"(max-width: 1024px) 100vw, 1024px\" \/><\/figure>\n\n\n\n<figure class=\"wp-block-image size-large\"><img loading=\"lazy\" decoding=\"async\" width=\"1024\" height=\"683\" data-id=\"1933\" src=\"https:\/\/otel2000.com\/wp-content\/uploads\/2025\/12\/Suit-Mobilyalar-2-1024x683.jpg\" alt=\"\" class=\"wp-image-1933\" srcset=\"https:\/\/otel2000.com\/wp-content\/uploads\/2025\/12\/Suit-Mobilyalar-2-1024x683.jpg 1024w, https:\/\/otel2000.com\/wp-content\/uploads\/2025\/12\/Suit-Mobilyalar-2-300x200.jpg 300w, https:\/\/otel2000.com\/wp-content\/uploads\/2025\/12\/Suit-Mobilyalar-2-768x512.jpg 768w, https:\/\/otel2000.com\/wp-content\/uploads\/2025\/12\/Suit-Mobilyalar-2-1536x1024.jpg 1536w, https:\/\/otel2000.com\/wp-content\/uploads\/2025\/12\/Suit-Mobilyalar-2-2048x1365.jpg 2048w\" sizes=\"(max-width: 1024px) 100vw, 1024px\" \/><\/figure>\n\n\n\n<figure class=\"wp-block-image size-large\"><img loading=\"lazy\" decoding=\"async\" width=\"1024\" height=\"683\" data-id=\"1934\" src=\"https:\/\/otel2000.com\/wp-content\/uploads\/2025\/12\/Suit-koltuklar-2-1-1024x683.jpg\" alt=\"\" class=\"wp-image-1934\" srcset=\"https:\/\/otel2000.com\/wp-content\/uploads\/2025\/12\/Suit-koltuklar-2-1-1024x683.jpg 1024w, https:\/\/otel2000.com\/wp-content\/uploads\/2025\/12\/Suit-koltuklar-2-1-300x200.jpg 300w, https:\/\/otel2000.com\/wp-content\/uploads\/2025\/12\/Suit-koltuklar-2-1-768x512.jpg 768w, https:\/\/otel2000.com\/wp-content\/uploads\/2025\/12\/Suit-koltuklar-2-1-1536x1024.jpg 1536w, https:\/\/otel2000.com\/wp-content\/uploads\/2025\/12\/Suit-koltuklar-2-1-2048x1365.jpg 2048w\" sizes=\"(max-width: 1024px) 100vw, 1024px\" \/><\/figure>\n<\/figure>\n\n\n\n<ul class=\"wp-block-list\">\n<li><strong>Oda Boyutu: 23 Metrekare<\/strong><\/li>\n\n\n\n<li><strong>Kablosuz \u0130nternet Eri\u015fim \u2013 Wifi<\/strong><\/li>\n\n\n\n<li><strong>Bir Adet \u00c7ift Ki\u015filik Yatak<\/strong><\/li>\n\n\n\n<li><strong>Minibuzdolab\u0131<\/strong><\/li>\n\n\n\n<li><strong>\u0130ki Adet 0.5 Litre Su<\/strong><\/li>\n\n\n\n<li><strong>\u00c7ay &amp; Kahve Makinas\u0131<\/strong><\/li>\n\n\n\n<li><strong>Po\u015fet \u00c7ay &amp; Paket kahve<\/strong><\/li>\n\n\n\n<li><strong>\u00c7elik Kasa<\/strong><\/li>\n\n\n\n<li><strong>Kablolu TV<\/strong><\/li>\n\n\n\n<li><strong>Sa\u00e7 Kurutma Makinas\u0131 (220 Voltaj)<\/strong><\/li>\n\n\n\n<li><strong>\u015eampuan<\/strong><\/li>\n\n\n\n<li><strong>Sa\u00e7 Kremi<\/strong><\/li>\n\n\n\n<li><strong>Du\u015f Jeli<\/strong><\/li>\n\n\n\n<li><strong>El Sabunu<\/strong><\/li>\n\n\n\n<li><strong>Hijyen Kiti:<\/strong><\/li>\n<\/ul>\n","protected":false},"excerpt":{"rendered":"<p>Ankara\u2019n\u0131n muhte\u015fem manzaras\u0131na sahip, Atakule ve An\u0131tkabir gibi ikonik yap\u0131lar\u0131 kucaklayan bu \u00f6zel oda, konuklar\u0131na unutulmaz bir deneyim sunuyor. Hijyen standartlar\u0131na tam uyumlu olan odam\u0131z, temizlik konusunda en y\u00fcksek standartlar\u0131 sa\u011flamak i\u00e7in \u00f6zenle tasarlanm\u0131\u015ft\u0131r. Konforunuz i\u00e7in d\u00fc\u015f\u00fcn\u00fclm\u00fc\u015f her detay\u0131 bar\u0131nd\u0131ran odam\u0131zda, bir adet \u00e7ift ki\u015filik yatak bulunmaktad\u0131r. Ayr\u0131ca merkezi \u0131s\u0131tma ve so\u011futma sistemi, kablo TV, [&hellip;]<\/p>\n","protected":false},"author":1,"featured_media":0,"parent":0,"menu_order":0,"comment_status":"closed","ping_status":"closed","template":"","meta":{"_joinchat":[],"footnotes":""},"class_list":["post-1923","page","type-page","status-publish","hentry"],"yoast_head":"<!-- This site is optimized with the Yoast SEO plugin v25.9 - https:\/\/yoast.com\/wordpress\/plugins\/seo\/ -->\n<title>Suit-1 - Otel 2000 Kavakl\u0131dere, Ankara - Merkezi Konum &amp; Konfor - Resmi web sitesi<\/title>\n<meta name=\"robots\" content=\"index, follow, max-snippet:-1, max-image-preview:large, max-video-preview:-1\" \/>\n<link rel=\"canonical\" href=\"https:\/\/otel2000.com\/suit-1\/\" \/>\n<meta property=\"og:locale\" content=\"tr_TR\" \/>\n<meta property=\"og:type\" content=\"article\" \/>\n<meta property=\"og:title\" content=\"Suit-1 - Otel 2000 Kavakl\u0131dere, Ankara - Merkezi Konum &amp; Konfor - Resmi web sitesi\" \/>\n<meta property=\"og:description\" content=\"Ankara\u2019n\u0131n muhte\u015fem manzaras\u0131na sahip, Atakule ve An\u0131tkabir gibi ikonik yap\u0131lar\u0131 kucaklayan bu \u00f6zel oda, konuklar\u0131na unutulmaz bir deneyim sunuyor. Hijyen standartlar\u0131na tam uyumlu olan odam\u0131z, temizlik konusunda en y\u00fcksek standartlar\u0131 sa\u011flamak i\u00e7in \u00f6zenle tasarlanm\u0131\u015ft\u0131r. Konforunuz i\u00e7in d\u00fc\u015f\u00fcn\u00fclm\u00fc\u015f her detay\u0131 bar\u0131nd\u0131ran odam\u0131zda, bir adet \u00e7ift ki\u015filik yatak bulunmaktad\u0131r. Ayr\u0131ca merkezi \u0131s\u0131tma ve so\u011futma sistemi, kablo TV, [&hellip;]\" \/>\n<meta property=\"og:url\" content=\"https:\/\/otel2000.com\/suit-1\/\" \/>\n<meta property=\"og:site_name\" content=\"Otel 2000 Kavakl\u0131dere, Ankara - Merkezi Konum &amp; Konfor - Resmi web sitesi\" \/>\n<meta property=\"article:modified_time\" content=\"2025-12-27T14:01:47+00:00\" \/>\n<meta property=\"og:image\" content=\"https:\/\/otel2000.com\/wp-content\/uploads\/2025\/12\/Suit-1-Yuvarlak-Yatak-2-1024x683.jpg\" \/>\n<meta name=\"twitter:card\" content=\"summary_large_image\" \/>\n<meta name=\"twitter:label1\" content=\"Tahmini okuma s\u00fcresi\" \/>\n\t<meta name=\"twitter:data1\" content=\"4 dakika\" \/>\n<script type=\"application\/ld+json\" class=\"yoast-schema-graph\">{\"@context\":\"https:\/\/schema.org\",\"@graph\":[{\"@type\":\"WebPage\",\"@id\":\"https:\/\/otel2000.com\/suit-1\/\",\"url\":\"https:\/\/otel2000.com\/suit-1\/\",\"name\":\"Suit-1 - Otel 2000 Kavakl\u0131dere, Ankara - Merkezi Konum &amp; Konfor - Resmi web sitesi\",\"isPartOf\":{\"@id\":\"https:\/\/otel2000.com\/#website\"},\"primaryImageOfPage\":{\"@id\":\"https:\/\/otel2000.com\/suit-1\/#primaryimage\"},\"image\":{\"@id\":\"https:\/\/otel2000.com\/suit-1\/#primaryimage\"},\"thumbnailUrl\":\"https:\/\/otel2000.com\/wp-content\/uploads\/2025\/12\/Suit-1-Yuvarlak-Yatak-2-1024x683.jpg\",\"datePublished\":\"2025-12-27T14:01:45+00:00\",\"dateModified\":\"2025-12-27T14:01:47+00:00\",\"breadcrumb\":{\"@id\":\"https:\/\/otel2000.com\/suit-1\/#breadcrumb\"},\"inLanguage\":\"tr\",\"potentialAction\":[{\"@type\":\"ReadAction\",\"target\":[\"https:\/\/otel2000.com\/suit-1\/\"]}]},{\"@type\":\"ImageObject\",\"inLanguage\":\"tr\",\"@id\":\"https:\/\/otel2000.com\/suit-1\/#primaryimage\",\"url\":\"https:\/\/otel2000.com\/wp-content\/uploads\/2025\/12\/Suit-1-Yuvarlak-Yatak-2-scaled.jpg\",\"contentUrl\":\"https:\/\/otel2000.com\/wp-content\/uploads\/2025\/12\/Suit-1-Yuvarlak-Yatak-2-scaled.jpg\",\"width\":2560,\"height\":1707},{\"@type\":\"BreadcrumbList\",\"@id\":\"https:\/\/otel2000.com\/suit-1\/#breadcrumb\",\"itemListElement\":[{\"@type\":\"ListItem\",\"position\":1,\"name\":\"Anasayfa\",\"item\":\"https:\/\/otel2000.com\/\"},{\"@type\":\"ListItem\",\"position\":2,\"name\":\"Suit-1\"}]},{\"@type\":\"WebSite\",\"@id\":\"https:\/\/otel2000.com\/#website\",\"url\":\"https:\/\/otel2000.com\/\",\"name\":\"Otel 2000 Kavakl\u0131dere Ankara - Merkezi Konum & Konfor\",\"description\":\"Biz G\u00fcler Y\u00fcz Yarat\u0131r\u0131z\",\"publisher\":{\"@id\":\"https:\/\/otel2000.com\/#organization\"},\"potentialAction\":[{\"@type\":\"SearchAction\",\"target\":{\"@type\":\"EntryPoint\",\"urlTemplate\":\"https:\/\/otel2000.com\/?s={search_term_string}\"},\"query-input\":{\"@type\":\"PropertyValueSpecification\",\"valueRequired\":true,\"valueName\":\"search_term_string\"}}],\"inLanguage\":\"tr\"},{\"@type\":\"Organization\",\"@id\":\"https:\/\/otel2000.com\/#organization\",\"name\":\"Otel 2000 Kavakl\u0131dere Ankara - Merkezi Konum & Konfor\",\"url\":\"https:\/\/otel2000.com\/\",\"logo\":{\"@type\":\"ImageObject\",\"inLanguage\":\"tr\",\"@id\":\"https:\/\/otel2000.com\/#\/schema\/logo\/image\/\",\"url\":\"https:\/\/otel2000.com\/wp-content\/uploads\/2021\/03\/cropped-cropped-cropped-1-2.png\",\"contentUrl\":\"https:\/\/otel2000.com\/wp-content\/uploads\/2021\/03\/cropped-cropped-cropped-1-2.png\",\"width\":250,\"height\":250,\"caption\":\"Otel 2000 Kavakl\u0131dere Ankara - Merkezi Konum & Konfor\"},\"image\":{\"@id\":\"https:\/\/otel2000.com\/#\/schema\/logo\/image\/\"}}]}<\/script>\n<!-- \/ Yoast SEO plugin. -->","yoast_head_json":{"title":"Suit-1 - Otel 2000 Kavakl\u0131dere, Ankara - Merkezi Konum &amp; Konfor - Resmi web sitesi","robots":{"index":"index","follow":"follow","max-snippet":"max-snippet:-1","max-image-preview":"max-image-preview:large","max-video-preview":"max-video-preview:-1"},"canonical":"https:\/\/otel2000.com\/suit-1\/","og_locale":"tr_TR","og_type":"article","og_title":"Suit-1 - Otel 2000 Kavakl\u0131dere, Ankara - Merkezi Konum &amp; Konfor - Resmi web sitesi","og_description":"Ankara\u2019n\u0131n muhte\u015fem manzaras\u0131na sahip, Atakule ve An\u0131tkabir gibi ikonik yap\u0131lar\u0131 kucaklayan bu \u00f6zel oda, konuklar\u0131na unutulmaz bir deneyim sunuyor. Hijyen standartlar\u0131na tam uyumlu olan odam\u0131z, temizlik konusunda en y\u00fcksek standartlar\u0131 sa\u011flamak i\u00e7in \u00f6zenle tasarlanm\u0131\u015ft\u0131r. Konforunuz i\u00e7in d\u00fc\u015f\u00fcn\u00fclm\u00fc\u015f her detay\u0131 bar\u0131nd\u0131ran odam\u0131zda, bir adet \u00e7ift ki\u015filik yatak bulunmaktad\u0131r. Ayr\u0131ca merkezi \u0131s\u0131tma ve so\u011futma sistemi, kablo TV, [&hellip;]","og_url":"https:\/\/otel2000.com\/suit-1\/","og_site_name":"Otel 2000 Kavakl\u0131dere, Ankara - Merkezi Konum &amp; Konfor - Resmi web sitesi","article_modified_time":"2025-12-27T14:01:47+00:00","og_image":[{"url":"https:\/\/otel2000.com\/wp-content\/uploads\/2025\/12\/Suit-1-Yuvarlak-Yatak-2-1024x683.jpg","type":"","width":"","height":""}],"twitter_card":"summary_large_image","twitter_misc":{"Tahmini okuma s\u00fcresi":"4 dakika"},"schema":{"@context":"https:\/\/schema.org","@graph":[{"@type":"WebPage","@id":"https:\/\/otel2000.com\/suit-1\/","url":"https:\/\/otel2000.com\/suit-1\/","name":"Suit-1 - Otel 2000 Kavakl\u0131dere, Ankara - Merkezi Konum &amp; Konfor - Resmi web sitesi","isPartOf":{"@id":"https:\/\/otel2000.com\/#website"},"primaryImageOfPage":{"@id":"https:\/\/otel2000.com\/suit-1\/#primaryimage"},"image":{"@id":"https:\/\/otel2000.com\/suit-1\/#primaryimage"},"thumbnailUrl":"https:\/\/otel2000.com\/wp-content\/uploads\/2025\/12\/Suit-1-Yuvarlak-Yatak-2-1024x683.jpg","datePublished":"2025-12-27T14:01:45+00:00","dateModified":"2025-12-27T14:01:47+00:00","breadcrumb":{"@id":"https:\/\/otel2000.com\/suit-1\/#breadcrumb"},"inLanguage":"tr","potentialAction":[{"@type":"ReadAction","target":["https:\/\/otel2000.com\/suit-1\/"]}]},{"@type":"ImageObject","inLanguage":"tr","@id":"https:\/\/otel2000.com\/suit-1\/#primaryimage","url":"https:\/\/otel2000.com\/wp-content\/uploads\/2025\/12\/Suit-1-Yuvarlak-Yatak-2-scaled.jpg","contentUrl":"https:\/\/otel2000.com\/wp-content\/uploads\/2025\/12\/Suit-1-Yuvarlak-Yatak-2-scaled.jpg","width":2560,"height":1707},{"@type":"BreadcrumbList","@id":"https:\/\/otel2000.com\/suit-1\/#breadcrumb","itemListElement":[{"@type":"ListItem","position":1,"name":"Anasayfa","item":"https:\/\/otel2000.com\/"},{"@type":"ListItem","position":2,"name":"Suit-1"}]},{"@type":"WebSite","@id":"https:\/\/otel2000.com\/#website","url":"https:\/\/otel2000.com\/","name":"Otel 2000 Kavakl\u0131dere Ankara - Merkezi Konum & Konfor","description":"Biz G\u00fcler Y\u00fcz Yarat\u0131r\u0131z","publisher":{"@id":"https:\/\/otel2000.com\/#organization"},"potentialAction":[{"@type":"SearchAction","target":{"@type":"EntryPoint","urlTemplate":"https:\/\/otel2000.com\/?s={search_term_string}"},"query-input":{"@type":"PropertyValueSpecification","valueRequired":true,"valueName":"search_term_string"}}],"inLanguage":"tr"},{"@type":"Organization","@id":"https:\/\/otel2000.com\/#organization","name":"Otel 2000 Kavakl\u0131dere Ankara - Merkezi Konum & Konfor","url":"https:\/\/otel2000.com\/","logo":{"@type":"ImageObject","inLanguage":"tr","@id":"https:\/\/otel2000.com\/#\/schema\/logo\/image\/","url":"https:\/\/otel2000.com\/wp-content\/uploads\/2021\/03\/cropped-cropped-cropped-1-2.png","contentUrl":"https:\/\/otel2000.com\/wp-content\/uploads\/2021\/03\/cropped-cropped-cropped-1-2.png","width":250,"height":250,"caption":"Otel 2000 Kavakl\u0131dere Ankara - Merkezi Konum & Konfor"},"image":{"@id":"https:\/\/otel2000.com\/#\/schema\/logo\/image\/"}}]}},"_links":{"self":[{"href":"https:\/\/otel2000.com\/wp-json\/wp\/v2\/pages\/1923","targetHints":{"allow":["GET"]}}],"collection":[{"href":"https:\/\/otel2000.com\/wp-json\/wp\/v2\/pages"}],"about":[{"href":"https:\/\/otel2000.com\/wp-json\/wp\/v2\/types\/page"}],"author":[{"embeddable":true,"href":"https:\/\/otel2000.com\/wp-json\/wp\/v2\/users\/1"}],"replies":[{"embeddable":true,"href":"https:\/\/otel2000.com\/wp-json\/wp\/v2\/comments?post=1923"}],"version-history":[{"count":1,"href":"https:\/\/otel2000.com\/wp-json\/wp\/v2\/pages\/1923\/revisions"}],"predecessor-version":[{"id":1935,"href":"https:\/\/otel2000.com\/wp-json\/wp\/v2\/pages\/1923\/revisions\/1935"}],"wp:attachment":[{"href":"https:\/\/otel2000.com\/wp-json\/wp\/v2\/media?parent=1923"}],"curies":[{"name":"wp","href":"https:\/\/api.w.org\/{rel}","templated":true}]}}