{"id":3,"date":"2024-04-04T12:21:53","date_gmt":"2024-04-04T12:21:53","guid":{"rendered":"https:\/\/otel2000.com\/?page_id=3"},"modified":"2024-04-12T13:22:04","modified_gmt":"2024-04-12T13:22:04","slug":"privacy-policy","status":"publish","type":"page","link":"https:\/\/otel2000.com\/privacy-policy\/","title":{"rendered":"Privacy Policy"},"content":{"rendered":"\n<h2 class=\"wp-block-heading\">Otel2000 Kavakl\u0131dere Ki\u015fisel Verilerin Korunmas\u0131 Kanunu (KVKK) \u00c7er\u00e7evesinde Kurumsal \u0130nternet Sitesi Rezervasyon \u0130\u015flemleri Hakk\u0131nda Ayd\u0131nlatma Metni<\/h2>\n\n\n\n<div style=\"height:100px\" aria-hidden=\"true\" class=\"wp-block-spacer\"><\/div>\n\n\n\n<p>Bu ayd\u0131nlatma metni 6698 say\u0131l\u0131 Ki\u015fisel Verilerin Korunmas\u0131 Kanunu\u2019nun 10 uncu maddesi ve<br>bu Kanun\u2019a dayanan Ayd\u0131nlatma Y\u00fck\u00fcml\u00fcl\u00fc\u011f\u00fcn\u00fcn Yerine Getirilmesinde Uyulacak Usul ve<br>Esaslar Hakk\u0131nda Tebli\u011f h\u00fck\u00fcmleri do\u011frultusunda, veri sorumlusu s\u0131fat\u0131yla Otel 2000<br>Kavakl\u0131dere (Akman Reklam Dan\u0131\u015fmanl\u0131k \u0130n\u015faat ve Turizm A.\u015e) taraf\u0131ndan haz\u0131rlanm\u0131\u015ft\u0131r.<\/p>\n\n\n\n<p><br>Otel 2000 Kavakl\u0131dere, ilgili ki\u015fiden elde etti\u011fi kimlik (isim, soyisim) ve ileti\u015fim (telefon<br>numaras\u0131, e-posta adresi) veri kategorilerinde elde etti\u011fi ki\u015fisel verileri; hukuka ve d\u00fcr\u00fcstl\u00fck<br>kurallar\u0131na uygun, do\u011fru ve gerekti\u011finde g\u00fcncel; belirli, a\u00e7\u0131k ve me\u015fru ama\u00e7lar i\u00e7in; i\u015flendikleri ama\u00e7la ba\u011flant\u0131l\u0131, s\u0131n\u0131rl\u0131 ve \u00f6l\u00e7\u00fcl\u00fc; i\u015flendikleri ama\u00e7 i\u00e7in gerekli olan s\u00fcre kadar muhafaza edilme kurallar\u0131na uygun olarak; elektronik ortamlarda ve fiziki ortamlarda,<\/p>\n\n\n\n<p><br>a) Faaliyetleri mevzuata uygun y\u00fcr\u00fctmek,<br>b) \u0130leti\u015fim faaliyetlerini y\u00fcr\u00fctmek<br>c) M\u00fc\u015fteri kay\u0131t ve rezervasyon s\u00fcre\u00e7lerini y\u00fcr\u00fctmek,<br>d) Saklama ve ar\u015fiv faaliyetlerini y\u00fcr\u00fctmek, <\/p>\n\n\n\n<p><\/p>\n\n\n\n<p>ama\u00e7lar\u0131yla s\u0131n\u0131rl\u0131 olarak i\u015flemektedir.<\/p>\n\n\n\n<p><br>\u0130\u015flenen ki\u015fisel veriler ba\u015fta emniyet birimleri olmak \u00fczere, gerekti\u011finde ilgili kamu kurum ve kurulu\u015flar\u0131 ile payla\u015f\u0131lmaktad\u0131r. <\/p>\n\n\n\n<p>Bu ki\u015fisel veriler, Kanun\u2019un 5 inci maddesinde belirtilen<\/p>\n\n\n\n<p><br>a) Bir s\u00f6zle\u015fmenin kurulmas\u0131 ile ilgili olmas\u0131 kayd\u0131yla, s\u00f6zle\u015fmenin taraflar\u0131na ait ki\u015fisel<br>verilerin i\u015flenmesinin gerekli olmas\u0131<br>b) \u0130lgili ki\u015finin temel hak ve \u00f6zg\u00fcrl\u00fcklerine zarar vermemek kayd\u0131yla veri sorumlusunun<br>me\u015fru menfaati i\u00e7in zorunlu olmas\u0131,<br>c) Veri sorumlusunun hukuki y\u00fck\u00fcml\u00fcl\u00fc\u011f\u00fcn\u00fc yerine getirebilmesi i\u00e7in zorunlu olmas\u0131,<br><\/p>\n\n\n\n<p>hukuki sebeplerine dayal\u0131 olarak bilgisayar ortam\u0131nda i\u015flenmektedir.<\/p>\n\n\n\n<p><br>Kanun\u2019un \u201cilgili ki\u015finin haklar\u0131n\u0131\u201d d\u00fczenleyen 11 inci maddesi \u00e7er\u00e7evesinde herkes, Hotelimize<br>ba\u015fvuru yaparak;<\/p>\n\n\n\n<p><br>a) Ki\u015fisel veri i\u015flenip i\u015flenmedi\u011fini \u00f6\u011frenme,<br>b) Ki\u015fisel verileri i\u015flenmi\u015fse buna ili\u015fkin bilgi talep etme,<br>c) Ki\u015fisel verilerin i\u015flenme amac\u0131n\u0131 ve bunlar\u0131n amac\u0131na uygun kullan\u0131l\u0131p kullan\u0131lmad\u0131\u011f\u0131n\u0131<br>\u00f6\u011frenme,<\/p>\n\n\n\n<p>d) Yurt i\u00e7inde veya yurt d\u0131\u015f\u0131nda ki\u015fisel verilerin aktar\u0131ld\u0131\u011f\u0131 \u00fc\u00e7\u00fcnc\u00fc ki\u015fileri bilme,<br>e) Ki\u015fisel verilerin eksik veya yanl\u0131\u015f i\u015flenmi\u015f olmas\u0131 h\u00e2linde bunlar\u0131n d\u00fczeltilmesini<br>isteme,<br>f) Ki\u015fisel verilerin silinmesini veya yok edilmesini isteme,<br>g) (d) ve (e) bentleri uyar\u0131nca yap\u0131lan i\u015flemlerin, ki\u015fisel verilerin aktar\u0131ld\u0131\u011f\u0131 \u00fc\u00e7\u00fcnc\u00fc<br>ki\u015filere bildirilmesini isteme<br>h) \u0130\u015flenen verilerin m\u00fcnhas\u0131ran otomatik sistemler vas\u0131tas\u0131yla analiz edilmesi suretiyle<br>ki\u015finin kendisi aleyhine bir sonucun ortaya \u00e7\u0131kmas\u0131na itiraz etme,<br>i) Ki\u015fisel verilerin kanuna ayk\u0131r\u0131 olarak i\u015flenmesi sebebiyle zarara u\u011framas\u0131 h\u00e2linde<br>zarar\u0131n giderilmesini talep etme,<\/p>\n\n\n\n<p><br>haklar\u0131na sahiptir.<\/p>\n\n\n\n<p><br>Kanun\u2019un 11 inci maddesi kapsam\u0131ndaki taleplerinizi, Veri Sorumlusuna Ba\u015fvuru Usul ve<br>Esaslar\u0131 Hakk\u0131nda Tebli\u011f\u2019e g\u00f6re, Otel 2000 Kavakl\u0131dere\u2019nin Bestekar Sokak No:29<br>\u00c7ankaya\/Ankara adresine dilek\u00e7e ve kimlik fotokopisi ile \u015fahsen veya posta ile yaz\u0131l\u0131 olarak<br>iletebilirsiniz.<\/p>\n","protected":false},"excerpt":{"rendered":"<p>Otel2000 Kavakl\u0131dere Ki\u015fisel Verilerin Korunmas\u0131 Kanunu (KVKK) \u00c7er\u00e7evesinde Kurumsal \u0130nternet Sitesi Rezervasyon \u0130\u015flemleri Hakk\u0131nda Ayd\u0131nlatma Metni Bu ayd\u0131nlatma metni 6698 say\u0131l\u0131 Ki\u015fisel Verilerin Korunmas\u0131 Kanunu\u2019nun 10 uncu maddesi vebu Kanun\u2019a dayanan Ayd\u0131nlatma Y\u00fck\u00fcml\u00fcl\u00fc\u011f\u00fcn\u00fcn Yerine Getirilmesinde Uyulacak Usul veEsaslar Hakk\u0131nda Tebli\u011f h\u00fck\u00fcmleri do\u011frultusunda, veri sorumlusu s\u0131fat\u0131yla Otel 2000Kavakl\u0131dere (Akman Reklam Dan\u0131\u015fmanl\u0131k \u0130n\u015faat ve Turizm A.\u015e) taraf\u0131ndan [&hellip;]<\/p>\n","protected":false},"author":1,"featured_media":0,"parent":0,"menu_order":0,"comment_status":"closed","ping_status":"open","template":"","meta":{"_joinchat":[],"footnotes":""},"class_list":["post-3","page","type-page","status-publish","hentry"],"yoast_head":"<!-- This site is optimized with the Yoast SEO plugin v25.9 - https:\/\/yoast.com\/wordpress\/plugins\/seo\/ -->\n<title>Privacy Policy - Otel 2000 Kavakl\u0131dere, Ankara - Merkezi Konum &amp; Konfor - Resmi web sitesi<\/title>\n<meta name=\"robots\" content=\"index, follow, max-snippet:-1, max-image-preview:large, max-video-preview:-1\" \/>\n<link rel=\"canonical\" href=\"https:\/\/otel2000.com\/privacy-policy\/\" \/>\n<meta property=\"og:locale\" content=\"tr_TR\" \/>\n<meta property=\"og:type\" content=\"article\" \/>\n<meta property=\"og:title\" content=\"Privacy Policy - Otel 2000 Kavakl\u0131dere, Ankara - Merkezi Konum &amp; Konfor - Resmi web sitesi\" \/>\n<meta property=\"og:description\" content=\"Otel2000 Kavakl\u0131dere Ki\u015fisel Verilerin Korunmas\u0131 Kanunu (KVKK) \u00c7er\u00e7evesinde Kurumsal \u0130nternet Sitesi Rezervasyon \u0130\u015flemleri Hakk\u0131nda Ayd\u0131nlatma Metni Bu ayd\u0131nlatma metni 6698 say\u0131l\u0131 Ki\u015fisel Verilerin Korunmas\u0131 Kanunu\u2019nun 10 uncu maddesi vebu Kanun\u2019a dayanan Ayd\u0131nlatma Y\u00fck\u00fcml\u00fcl\u00fc\u011f\u00fcn\u00fcn Yerine Getirilmesinde Uyulacak Usul veEsaslar Hakk\u0131nda Tebli\u011f h\u00fck\u00fcmleri do\u011frultusunda, veri sorumlusu s\u0131fat\u0131yla Otel 2000Kavakl\u0131dere (Akman Reklam Dan\u0131\u015fmanl\u0131k \u0130n\u015faat ve Turizm A.\u015e) taraf\u0131ndan [&hellip;]\" \/>\n<meta property=\"og:url\" content=\"https:\/\/otel2000.com\/privacy-policy\/\" \/>\n<meta property=\"og:site_name\" content=\"Otel 2000 Kavakl\u0131dere, Ankara - Merkezi Konum &amp; Konfor - Resmi web sitesi\" \/>\n<meta property=\"article:modified_time\" content=\"2024-04-12T13:22:04+00:00\" \/>\n<meta name=\"twitter:card\" content=\"summary_large_image\" \/>\n<meta name=\"twitter:label1\" content=\"Tahmini okuma s\u00fcresi\" \/>\n\t<meta name=\"twitter:data1\" content=\"3 dakika\" \/>\n<script type=\"application\/ld+json\" class=\"yoast-schema-graph\">{\"@context\":\"https:\/\/schema.org\",\"@graph\":[{\"@type\":\"WebPage\",\"@id\":\"https:\/\/otel2000.com\/privacy-policy\/\",\"url\":\"https:\/\/otel2000.com\/privacy-policy\/\",\"name\":\"Privacy Policy - Otel 2000 Kavakl\u0131dere, Ankara - Merkezi Konum &amp; Konfor - Resmi web sitesi\",\"isPartOf\":{\"@id\":\"https:\/\/otel2000.com\/#website\"},\"datePublished\":\"2024-04-04T12:21:53+00:00\",\"dateModified\":\"2024-04-12T13:22:04+00:00\",\"breadcrumb\":{\"@id\":\"https:\/\/otel2000.com\/privacy-policy\/#breadcrumb\"},\"inLanguage\":\"tr\",\"potentialAction\":[{\"@type\":\"ReadAction\",\"target\":[\"https:\/\/otel2000.com\/privacy-policy\/\"]}]},{\"@type\":\"BreadcrumbList\",\"@id\":\"https:\/\/otel2000.com\/privacy-policy\/#breadcrumb\",\"itemListElement\":[{\"@type\":\"ListItem\",\"position\":1,\"name\":\"Anasayfa\",\"item\":\"https:\/\/otel2000.com\/\"},{\"@type\":\"ListItem\",\"position\":2,\"name\":\"Privacy Policy\"}]},{\"@type\":\"WebSite\",\"@id\":\"https:\/\/otel2000.com\/#website\",\"url\":\"https:\/\/otel2000.com\/\",\"name\":\"Otel 2000 Kavakl\u0131dere Ankara - Merkezi Konum & Konfor\",\"description\":\"Biz G\u00fcler Y\u00fcz Yarat\u0131r\u0131z\",\"publisher\":{\"@id\":\"https:\/\/otel2000.com\/#organization\"},\"potentialAction\":[{\"@type\":\"SearchAction\",\"target\":{\"@type\":\"EntryPoint\",\"urlTemplate\":\"https:\/\/otel2000.com\/?s={search_term_string}\"},\"query-input\":{\"@type\":\"PropertyValueSpecification\",\"valueRequired\":true,\"valueName\":\"search_term_string\"}}],\"inLanguage\":\"tr\"},{\"@type\":\"Organization\",\"@id\":\"https:\/\/otel2000.com\/#organization\",\"name\":\"Otel 2000 Kavakl\u0131dere Ankara - Merkezi Konum & Konfor\",\"url\":\"https:\/\/otel2000.com\/\",\"logo\":{\"@type\":\"ImageObject\",\"inLanguage\":\"tr\",\"@id\":\"https:\/\/otel2000.com\/#\/schema\/logo\/image\/\",\"url\":\"https:\/\/otel2000.com\/wp-content\/uploads\/2021\/03\/cropped-cropped-cropped-1-2.png\",\"contentUrl\":\"https:\/\/otel2000.com\/wp-content\/uploads\/2021\/03\/cropped-cropped-cropped-1-2.png\",\"width\":250,\"height\":250,\"caption\":\"Otel 2000 Kavakl\u0131dere Ankara - Merkezi Konum & Konfor\"},\"image\":{\"@id\":\"https:\/\/otel2000.com\/#\/schema\/logo\/image\/\"}}]}<\/script>\n<!-- \/ Yoast SEO plugin. -->","yoast_head_json":{"title":"Privacy Policy - Otel 2000 Kavakl\u0131dere, Ankara - Merkezi Konum &amp; Konfor - Resmi web sitesi","robots":{"index":"index","follow":"follow","max-snippet":"max-snippet:-1","max-image-preview":"max-image-preview:large","max-video-preview":"max-video-preview:-1"},"canonical":"https:\/\/otel2000.com\/privacy-policy\/","og_locale":"tr_TR","og_type":"article","og_title":"Privacy Policy - Otel 2000 Kavakl\u0131dere, Ankara - Merkezi Konum &amp; Konfor - Resmi web sitesi","og_description":"Otel2000 Kavakl\u0131dere Ki\u015fisel Verilerin Korunmas\u0131 Kanunu (KVKK) \u00c7er\u00e7evesinde Kurumsal \u0130nternet Sitesi Rezervasyon \u0130\u015flemleri Hakk\u0131nda Ayd\u0131nlatma Metni Bu ayd\u0131nlatma metni 6698 say\u0131l\u0131 Ki\u015fisel Verilerin Korunmas\u0131 Kanunu\u2019nun 10 uncu maddesi vebu Kanun\u2019a dayanan Ayd\u0131nlatma Y\u00fck\u00fcml\u00fcl\u00fc\u011f\u00fcn\u00fcn Yerine Getirilmesinde Uyulacak Usul veEsaslar Hakk\u0131nda Tebli\u011f h\u00fck\u00fcmleri do\u011frultusunda, veri sorumlusu s\u0131fat\u0131yla Otel 2000Kavakl\u0131dere (Akman Reklam Dan\u0131\u015fmanl\u0131k \u0130n\u015faat ve Turizm A.\u015e) taraf\u0131ndan [&hellip;]","og_url":"https:\/\/otel2000.com\/privacy-policy\/","og_site_name":"Otel 2000 Kavakl\u0131dere, Ankara - Merkezi Konum &amp; Konfor - Resmi web sitesi","article_modified_time":"2024-04-12T13:22:04+00:00","twitter_card":"summary_large_image","twitter_misc":{"Tahmini okuma s\u00fcresi":"3 dakika"},"schema":{"@context":"https:\/\/schema.org","@graph":[{"@type":"WebPage","@id":"https:\/\/otel2000.com\/privacy-policy\/","url":"https:\/\/otel2000.com\/privacy-policy\/","name":"Privacy Policy - Otel 2000 Kavakl\u0131dere, Ankara - Merkezi Konum &amp; Konfor - Resmi web sitesi","isPartOf":{"@id":"https:\/\/otel2000.com\/#website"},"datePublished":"2024-04-04T12:21:53+00:00","dateModified":"2024-04-12T13:22:04+00:00","breadcrumb":{"@id":"https:\/\/otel2000.com\/privacy-policy\/#breadcrumb"},"inLanguage":"tr","potentialAction":[{"@type":"ReadAction","target":["https:\/\/otel2000.com\/privacy-policy\/"]}]},{"@type":"BreadcrumbList","@id":"https:\/\/otel2000.com\/privacy-policy\/#breadcrumb","itemListElement":[{"@type":"ListItem","position":1,"name":"Anasayfa","item":"https:\/\/otel2000.com\/"},{"@type":"ListItem","position":2,"name":"Privacy Policy"}]},{"@type":"WebSite","@id":"https:\/\/otel2000.com\/#website","url":"https:\/\/otel2000.com\/","name":"Otel 2000 Kavakl\u0131dere Ankara - Merkezi Konum & Konfor","description":"Biz G\u00fcler Y\u00fcz Yarat\u0131r\u0131z","publisher":{"@id":"https:\/\/otel2000.com\/#organization"},"potentialAction":[{"@type":"SearchAction","target":{"@type":"EntryPoint","urlTemplate":"https:\/\/otel2000.com\/?s={search_term_string}"},"query-input":{"@type":"PropertyValueSpecification","valueRequired":true,"valueName":"search_term_string"}}],"inLanguage":"tr"},{"@type":"Organization","@id":"https:\/\/otel2000.com\/#organization","name":"Otel 2000 Kavakl\u0131dere Ankara - Merkezi Konum & Konfor","url":"https:\/\/otel2000.com\/","logo":{"@type":"ImageObject","inLanguage":"tr","@id":"https:\/\/otel2000.com\/#\/schema\/logo\/image\/","url":"https:\/\/otel2000.com\/wp-content\/uploads\/2021\/03\/cropped-cropped-cropped-1-2.png","contentUrl":"https:\/\/otel2000.com\/wp-content\/uploads\/2021\/03\/cropped-cropped-cropped-1-2.png","width":250,"height":250,"caption":"Otel 2000 Kavakl\u0131dere Ankara - Merkezi Konum & Konfor"},"image":{"@id":"https:\/\/otel2000.com\/#\/schema\/logo\/image\/"}}]}},"_links":{"self":[{"href":"https:\/\/otel2000.com\/wp-json\/wp\/v2\/pages\/3","targetHints":{"allow":["GET"]}}],"collection":[{"href":"https:\/\/otel2000.com\/wp-json\/wp\/v2\/pages"}],"about":[{"href":"https:\/\/otel2000.com\/wp-json\/wp\/v2\/types\/page"}],"author":[{"embeddable":true,"href":"https:\/\/otel2000.com\/wp-json\/wp\/v2\/users\/1"}],"replies":[{"embeddable":true,"href":"https:\/\/otel2000.com\/wp-json\/wp\/v2\/comments?post=3"}],"version-history":[{"count":6,"href":"https:\/\/otel2000.com\/wp-json\/wp\/v2\/pages\/3\/revisions"}],"predecessor-version":[{"id":1477,"href":"https:\/\/otel2000.com\/wp-json\/wp\/v2\/pages\/3\/revisions\/1477"}],"wp:attachment":[{"href":"https:\/\/otel2000.com\/wp-json\/wp\/v2\/media?parent=3"}],"curies":[{"name":"wp","href":"https:\/\/api.w.org\/{rel}","templated":true}]}}